{"id":1055,"date":"2023-12-15T20:35:51","date_gmt":"2023-12-15T20:35:51","guid":{"rendered":"https:\/\/deep-diagnosis.com\/international-2\/"},"modified":"2023-12-16T21:19:01","modified_gmt":"2023-12-16T21:19:01","slug":"international-2","status":"publish","type":"page","link":"https:\/\/deep-diagnosis.com\/ro\/international-2\/","title":{"rendered":"Interna\u0163ional"},"content":{"rendered":"\r\n<div class=\"big-headline-and-image container-fluid pb-10 px-0 has-line alignfull small-heading\" >\r\n    <div class=\"row mx-0\">\r\n        <div class=\"col-md-5 px-0 mt-0 mt-md-15 media-col\">\r\n\r\n            \r\n                                    <div class=\"img-wrapper\" style=\"background-image: url('https:\/\/deep-diagnosis.com\/wp-content\/uploads\/2023\/06\/iStock-823686288-scaled-e1686026893946.jpg')\">\r\n                    <\/div>\r\n                                \r\n            \r\n        <\/div>\r\n        <div class=\"col-md-7 content-col\">\r\n            <div class=\"row mx-0\">\r\n                <div class=\"col-md-8 offset-md-1\" style=\"max-width: 750px;\">\r\n                    <div class=\"\">\r\n                        <div id='ff-portal' template=\"[[&quot;core\\\/heading&quot;,{&quot;placeholder&quot;:&quot;\\u00dcberschrift&quot;,&quot;attributes&quot;:{&quot;level&quot;:3}}],[&quot;core\\\/spacer&quot;,{&quot;height&quot;:&quot;50px&quot;}],[&quot;core\\\/paragraph&quot;,{&quot;placeholder&quot;:&quot;Hier Text eingeben&quot;}]]\"><\/div>                    <\/div>\r\n                <\/div>\r\n            <\/div>\r\n        <\/div>\r\n    <\/div>\r\n<\/div>\r\n\r\n\n\n\n<p>C\u0103utarea \u00eendrum\u0103rii pentru \u00eengrijire \u0219i s\u0103n\u0103tate \u00eentr-o \u021bar\u0103 str\u0103in\u0103 poate fi o perspectiv\u0103 descurajant\u0103. Nu numai c\u0103 stresul unei boli necunoscute poate ridica o greutate enorm\u0103 pe umerii dumneavoastr\u0103, dar poate fi \u0219i intimidant s\u0103 \u00eencerca\u021bi s\u0103 c\u0103uta\u021bi \u00eentr-un peisaj medical, eventual predominant \u00eentr-o limb\u0103 str\u0103in\u0103 pentru dumeavoastr\u0103. Pe l\u00e2ng\u0103 toate acestea, exist\u0103 \u0219i stresul de a trebui s\u0103 v\u0103 organiza\u021bi logistica c\u0103l\u0103toriei: hoteluri, c\u0103l\u0103torii, m\u00e2ncare etc.<\/p>\n\n\n\n<p><em>\u00cen\u021belegem acest aspect.<\/em><\/p>\n\n\n\n<p>La Deep Diagnosis, nu numai c\u0103 ne str\u0103duim s\u0103 avem grij\u0103 excelent\u0103 de pacien\u021bii no\u0219tri, dar ne dorim, de asemenea, ca procesul de c\u0103utare a ajutorului medical s\u0103 fie c\u00e2t mai u\u0219or posibil pentru toat\u0103 lumea. De aceea, pe l\u00e2ng\u0103 faptul c\u0103 oferim asisten\u021b\u0103 medical\u0103 de prim\u0103 clas\u0103, oferim servicii speciale pentru oaspe\u021bii no\u0219tri interna\u021bionali, astfel \u00eenc\u00e2t ace\u0219tia s\u0103 se poat\u0103 concentra pe ceea ce este important pentru ei, \u00een timp ce noi ne concentr\u0103m s\u0103 facem c\u0103l\u0103toria lor medical\u0103 s\u0103 merite.<\/p>\n\n\n\n<p>Pe l\u00e2ng\u0103 faptul c\u0103 func\u021bion\u0103m ca o clinic\u0103 privat\u0103, noi cei de la Deep Diagnosis suntem dispu\u0219i s\u0103 facem eforturi suplimentare prin:<\/p>\n\n\n\n<h5 class=\"wp-block-heading\"><strong>Alte consulta\u021bii de specialitate<\/strong><\/h5>\n\n\n\n<p>Medicina cuprinde o varietate uluitoare de specialit\u0103\u021bi. Cu toate acestea, uneori ne afl\u0103m \u00eentr-o problem\u0103 medical\u0103 care necesit\u0103 expertiza mai multor tipuri diferite de furnizori de asisten\u021b\u0103 medical\u0103. Folosind re\u021beaua noastr\u0103 extins\u0103 de parteneri de \u00eencredere, ne putem ocupa de acest lucru pentru dumneavoastr\u0103.<\/p>\n\n\n\n<p>Dac\u0103 ne d\u0103m seama c\u0103 nevoile dumneavoastr\u0103 necesit\u0103 \u00eengrijire medical\u0103 suplimentar\u0103, furnizat\u0103 de exper\u021bi \u00een domeniu, vom face cu pl\u0103cere \u2013 la cerere \u2013 program\u0103ri pentru dumneavoastr\u0103 cu al\u021bi speciali\u0219ti califica\u021bi, cum ar fi stomatologi, ginecologi, chirurgi \u0219i nu numai.<\/p>\n\n\n\n<h5 class=\"wp-block-heading\"><strong>A doua opinie<\/strong><\/h5>\n\n\n\n<p>\u00cen\u021belegem c\u0103 \u2013 mai ales \u00een cazurile ce implic\u0103 ve\u0219ti proaste sau decizii provocatoare \u2013 este posibil s\u0103 dori\u021bi mai mult dec\u00e2t opinia unui singur medic asupra cazului.<\/p>\n\n\n\n<p>De aceea, pe l\u00e2ng\u0103 faptul c\u0103 v\u0103 g\u0103si\u021bi \u0219i dumneavoastr\u0103 o a doua opinie dac\u0103 dori\u021bi, vom face eforturi astfel \u00eenc\u00e2t cazul dumneavoastr\u0103 s\u0103 fie prezentat la \u00eent\u00e2lniri medicale special create pentru ca medicii s\u0103 se reuneasc\u0103 \u0219i s\u0103-\u0219i prezinte propriile opinii fa\u021b\u0103 de aceste cazuri speciale, dificile.<\/p>\n\n\n\n<p>De exemplu, pentru pacien\u021bii cu cancer, v\u0103 putem prezenta cazul la o comisie oncologic\u0103 a unor universit\u0103\u021bi prestigioase cu departamentele lor oncologice, unde o echip\u0103 multidisciplinar\u0103 v\u0103 poate face recomand\u0103ri pentru tratamentul dumneavoastr\u0103.<\/p>\n\n\n\n<h5 class=\"wp-block-heading\"><strong>Logistica de c\u0103l\u0103torie<\/strong><\/h5>\n\n\n\n<p>Ob\u021binerea asisten\u021bei medicale pe care o merita\u021bi este doar jum\u0103tate din c\u0103l\u0103torie. Dac\u0103 ar fi de ajutor pentru dumneavoastr\u0103, permite\u021bi-ne s\u0103 v\u0103 sc\u0103p\u0103m noi de grijile logistice legate de organizarea unei c\u0103l\u0103torii la cabinetul nostru.<\/p>\n\n\n\n<p>Oferim servicii precum transfer de la aeroport, recomand\u0103ri de hoteluri \u0219i restaurante, idei de locuri pe care le pute\u021bi vizita \u00een timp ce sunte\u021bi aici \u0219i multe altele.<\/p>\n\n\n\n<hr class=\"wp-block-separator has-alpha-channel-opacity\"\/>\n\n\n\n<p>Dac\u0103 oricare dintre aceste servicii suplimentare v\u0103 va fi de folos, v\u0103 rug\u0103m s\u0103 nu ezita\u021bi s\u0103 ne contacta\u021bi. Suntem flexibili \u0219i deschi\u0219i \u00een orice fel \u00een care putem ajuta. Partenerii no\u0219tri de la Titan Data Hub sunt furnizorii acestor servicii.<\/p>\n","protected":false},"excerpt":{"rendered":"<p>C\u0103utarea \u00eendrum\u0103rii pentru \u00eengrijire \u0219i s\u0103n\u0103tate \u00eentr-o \u021bar\u0103 str\u0103in\u0103 poate fi o perspectiv\u0103 descurajant\u0103. Nu numai c\u0103 stresul unei boli necunoscute poate ridica o greutate enorm\u0103 pe umerii dumneavoastr\u0103, dar poate fi \u0219i intimidant s\u0103 \u00eencerca\u021bi s\u0103 c\u0103uta\u021bi \u00eentr-un peisaj medical, eventual predominant \u00eentr-o limb\u0103 str\u0103in\u0103 pentru dumeavoastr\u0103. Pe l\u00e2ng\u0103 toate acestea, exist\u0103 \u0219i stresul [&hellip;]<\/p>\n","protected":false},"author":4,"featured_media":0,"parent":0,"menu_order":0,"comment_status":"closed","ping_status":"closed","template":"","meta":{"_acf_changed":false,"footnotes":""},"class_list":["post-1055","page","type-page","status-publish","hentry"],"acf":[],"_links":{"self":[{"href":"https:\/\/deep-diagnosis.com\/ro\/wp-json\/wp\/v2\/pages\/1055","targetHints":{"allow":["GET"]}}],"collection":[{"href":"https:\/\/deep-diagnosis.com\/ro\/wp-json\/wp\/v2\/pages"}],"about":[{"href":"https:\/\/deep-diagnosis.com\/ro\/wp-json\/wp\/v2\/types\/page"}],"author":[{"embeddable":true,"href":"https:\/\/deep-diagnosis.com\/ro\/wp-json\/wp\/v2\/users\/4"}],"replies":[{"embeddable":true,"href":"https:\/\/deep-diagnosis.com\/ro\/wp-json\/wp\/v2\/comments?post=1055"}],"version-history":[{"count":1,"href":"https:\/\/deep-diagnosis.com\/ro\/wp-json\/wp\/v2\/pages\/1055\/revisions"}],"predecessor-version":[{"id":1187,"href":"https:\/\/deep-diagnosis.com\/ro\/wp-json\/wp\/v2\/pages\/1055\/revisions\/1187"}],"wp:attachment":[{"href":"https:\/\/deep-diagnosis.com\/ro\/wp-json\/wp\/v2\/media?parent=1055"}],"curies":[{"name":"wp","href":"https:\/\/api.w.org\/{rel}","templated":true}]}}