{"id":1093,"date":"2023-06-07T06:36:32","date_gmt":"2023-06-07T06:36:32","guid":{"rendered":"https:\/\/deep-diagnosis.com\/abc-der-metalltoxikologie\/"},"modified":"2024-05-25T15:37:23","modified_gmt":"2024-05-25T15:37:23","slug":"abc-der-metalltoxikologie","status":"publish","type":"page","link":"https:\/\/deep-diagnosis.com\/ro\/abc-der-metalltoxikologie\/","title":{"rendered":"&#8222;ABC&#8221;"},"content":{"rendered":"\r\n<div class=\"big-headline-and-image container-fluid pb-10 px-0 has-line alignfull\" >\r\n    <div class=\"row mx-0\">\r\n        <div class=\"col-md-5 px-0 mt-0 mt-md-15 media-col\">\r\n\r\n            \r\n                                                    <video class=\"w-100 d-block\" autoplay muted loop>\r\n                        <source src=\"https:\/\/deep-diagnosis.com\/wp-content\/uploads\/2023\/06\/output-1.mp4\" type=\"video\/mp4\">\r\n                        Your browser does not support the video tag.\r\n                    <\/video>\r\n                \r\n            \r\n        <\/div>\r\n        <div class=\"col-md-7 content-col\">\r\n            <div class=\"row mx-0\">\r\n                <div class=\"col-md-8 offset-md-1\" style=\"max-width: 750px;\">\r\n                    <div class=\"\">\r\n                        <div id='ff-portal' template=\"[[&quot;core\\\/heading&quot;,{&quot;placeholder&quot;:&quot;\\u00dcberschrift&quot;,&quot;attributes&quot;:{&quot;level&quot;:3}}],[&quot;core\\\/spacer&quot;,{&quot;height&quot;:&quot;50px&quot;}],[&quot;core\\\/paragraph&quot;,{&quot;placeholder&quot;:&quot;Hier Text eingeben&quot;}]]\"><\/div>                    <\/div>\r\n                <\/div>\r\n            <\/div>\r\n        <\/div>\r\n    <\/div>\r\n<\/div>\r\n\r\n\n\n\n<p><strong>Tratamentul \u00a0metalotoxicologic poate oferi ameliorare \u00een cazul urm\u0103toarelor simptome\/boli:<\/strong><\/p>\n\n\n\n<div style=\"height:100px\" aria-hidden=\"true\" class=\"wp-block-spacer\"><\/div>\n\n\n\r\n<div class=\"wp-block-abc container-fluid py-3 px-3 d-flex justify-content-center bg-dark text-white alignfull\" id=\"subMenu\">\r\n    <ul class=\"nav\">\r\n                    <li class=\"nav-item\">\r\n                <a class=\"nav-link btn btn-small btn-outline-primary rounded-circle d-block\"\r\n                   href=\"#A\">A<\/a>\r\n            <\/li>\r\n                    <li class=\"nav-item\">\r\n                <a class=\"nav-link btn btn-small btn-outline-primary rounded-circle d-block\"\r\n                   href=\"#B\">B<\/a>\r\n            <\/li>\r\n                    <li class=\"nav-item\">\r\n                <a class=\"nav-link btn btn-small btn-outline-primary rounded-circle d-block\"\r\n                   href=\"#C\">C<\/a>\r\n            <\/li>\r\n                    <li class=\"nav-item\">\r\n                <a class=\"nav-link btn btn-small btn-outline-primary rounded-circle d-block\"\r\n                   href=\"#D\">D<\/a>\r\n            <\/li>\r\n                    <li class=\"nav-item\">\r\n                <a class=\"nav-link btn btn-small btn-outline-primary rounded-circle d-block\"\r\n                   href=\"#E\">E<\/a>\r\n            <\/li>\r\n                    <li class=\"nav-item\">\r\n                <a class=\"nav-link btn btn-small btn-outline-primary rounded-circle d-block\"\r\n                   href=\"#F\">F<\/a>\r\n            <\/li>\r\n                    <li class=\"nav-item\">\r\n                <a class=\"nav-link btn btn-small btn-outline-primary rounded-circle d-block\"\r\n                   href=\"#G\">G<\/a>\r\n            <\/li>\r\n                    <li class=\"nav-item\">\r\n                <a class=\"nav-link btn btn-small btn-outline-primary rounded-circle d-block\"\r\n                   href=\"#H\">H<\/a>\r\n            <\/li>\r\n                    <li class=\"nav-item\">\r\n                <a class=\"nav-link btn btn-small btn-outline-primary rounded-circle d-block\"\r\n                   href=\"#I\">I<\/a>\r\n            <\/li>\r\n                    <li class=\"nav-item\">\r\n                <a class=\"nav-link btn btn-small btn-outline-primary rounded-circle d-block\"\r\n                   href=\"#J\">J<\/a>\r\n            <\/li>\r\n                    <li class=\"nav-item\">\r\n                <a class=\"nav-link btn btn-small btn-outline-primary rounded-circle d-block\"\r\n                   href=\"#K\">K<\/a>\r\n            <\/li>\r\n                    <li class=\"nav-item\">\r\n                <a class=\"nav-link btn btn-small btn-outline-primary rounded-circle d-block\"\r\n                   href=\"#L\">L<\/a>\r\n            <\/li>\r\n                    <li class=\"nav-item\">\r\n                <a class=\"nav-link btn btn-small btn-outline-primary rounded-circle d-block\"\r\n                   href=\"#M\">M<\/a>\r\n            <\/li>\r\n                    <li class=\"nav-item\">\r\n                <a class=\"nav-link btn btn-small btn-outline-primary rounded-circle d-block\"\r\n                   href=\"#N\">N<\/a>\r\n            <\/li>\r\n                    <li class=\"nav-item\">\r\n                <a class=\"nav-link btn btn-small btn-outline-primary rounded-circle d-block\"\r\n                   href=\"#O\">O<\/a>\r\n            <\/li>\r\n                    <li class=\"nav-item\">\r\n                <a class=\"nav-link btn btn-small btn-outline-primary rounded-circle d-block\"\r\n                   href=\"#P\">P<\/a>\r\n            <\/li>\r\n                    <li class=\"nav-item\">\r\n                <a class=\"nav-link btn btn-small btn-outline-primary rounded-circle d-block\"\r\n                   href=\"#Q\">Q<\/a>\r\n            <\/li>\r\n                    <li class=\"nav-item\">\r\n                <a class=\"nav-link btn btn-small btn-outline-primary rounded-circle d-block\"\r\n                   href=\"#R\">R<\/a>\r\n            <\/li>\r\n                    <li class=\"nav-item\">\r\n                <a class=\"nav-link btn btn-small btn-outline-primary rounded-circle d-block\"\r\n                   href=\"#S\">S<\/a>\r\n            <\/li>\r\n                    <li class=\"nav-item\">\r\n                <a class=\"nav-link btn btn-small btn-outline-primary rounded-circle d-block\"\r\n                   href=\"#T\">T<\/a>\r\n            <\/li>\r\n                    <li class=\"nav-item\">\r\n                <a class=\"nav-link btn btn-small btn-outline-primary rounded-circle d-block\"\r\n                   href=\"#U\">U<\/a>\r\n            <\/li>\r\n                    <li class=\"nav-item\">\r\n                <a class=\"nav-link btn btn-small btn-outline-primary rounded-circle d-block\"\r\n                   href=\"#V\">V<\/a>\r\n            <\/li>\r\n                    <li class=\"nav-item\">\r\n                <a class=\"nav-link btn btn-small btn-outline-primary rounded-circle d-block\"\r\n                   href=\"#W\">W<\/a>\r\n            <\/li>\r\n                    <li class=\"nav-item\">\r\n                <a class=\"nav-link btn btn-small btn-outline-primary rounded-circle d-block\"\r\n                   href=\"#X\">X<\/a>\r\n            <\/li>\r\n                    <li class=\"nav-item\">\r\n                <a class=\"nav-link btn btn-small btn-outline-primary rounded-circle d-block\"\r\n                   href=\"#Y\">Y<\/a>\r\n            <\/li>\r\n                    <li class=\"nav-item\">\r\n                <a class=\"nav-link btn btn-small btn-outline-primary rounded-circle d-block\"\r\n                   href=\"#Z\">Z<\/a>\r\n            <\/li>\r\n            <\/ul>\r\n<\/div>\r\n\r\n\n\n\n<div style=\"height:50px\" aria-hidden=\"true\" class=\"wp-block-spacer\"><\/div>\n\n\n\n<div id=\"A\" class=\"wp-block-group is-layout-constrained wp-block-group-is-layout-constrained\" style=\"padding-bottom:var(--wp--preset--spacing--50)\">\n<h2 class=\"wp-block-heading\">A<\/h2>\n\n\n\n<p>Afec\u021biuni intestinale, Agita\u021bie, Alergii, Alergii alimentare, Avorturi spontane<\/p>\n<\/div>\n\n\n\n<div id=\"B\" class=\"wp-block-group is-layout-constrained wp-block-group-is-layout-constrained\" style=\"padding-bottom:var(--wp--preset--spacing--50)\">\n<h2 class=\"wp-block-heading\">B<\/h2>\n\n\n\n<p>Boala Crohn, Boli autoimune<\/p>\n<\/div>\n\n\n\n<div id=\"C\" class=\"wp-block-group is-layout-constrained wp-block-group-is-layout-constrained\" style=\"padding-bottom:var(--wp--preset--spacing--50)\">\n<h2 class=\"wp-block-heading\">C<\/h2>\n\n\n\n<p>Cancer, Cancer de colon, Cancer de piele, Cancer de prostat\u0103, Cancer de s\u00e2n, C\u0103derea p\u0103rului, Concentrare deficitar\u0103, Cre\u0219tere perturbat\u0103<\/p>\n<\/div>\n\n\n\n<div id=\"D\" class=\"wp-block-group is-layout-constrained wp-block-group-is-layout-constrained\" style=\"padding-bottom:var(--wp--preset--spacing--50)\">\n<h2 class=\"wp-block-heading\">D<\/h2>\n\n\n\n<p>Depresie, Diabet, Dureri de cap<\/p>\n<\/div>\n\n\n\n<div id=\"E\" class=\"wp-block-group is-layout-constrained wp-block-group-is-layout-constrained\" style=\"padding-bottom:var(--wp--preset--spacing--50)\">\n<h2 class=\"wp-block-heading\">E<\/h2>\n\n\n\n<p>Eczeme, Electrosensibilitate, Epuizare, Exantem<\/p>\n<\/div>\n\n\n\n<div id=\"F\" class=\"wp-block-group is-layout-constrained wp-block-group-is-layout-constrained\" style=\"padding-bottom:var(--wp--preset--spacing--50)\">\n<h2 class=\"wp-block-heading\">F<\/h2>\n\n\n\n<p>Fibromialgie<\/p>\n<\/div>\n\n\n\n<div id=\"G\" class=\"wp-block-group is-layout-constrained wp-block-group-is-layout-constrained\" style=\"padding-bottom:var(--wp--preset--spacing--50)\">\n<h2 class=\"wp-block-heading\">G<\/h2>\n\n\n\n<p>Gastrit\u0103, Gut\u0103<\/p>\n<\/div>\n\n\n\n<div id=\"H\" class=\"wp-block-group is-layout-constrained wp-block-group-is-layout-constrained\" style=\"padding-bottom:var(--wp--preset--spacing--50)\">\n<h2 class=\"wp-block-heading\">H<\/h2>\n\n\n\n<p>Hepatite non-virale, Hipertensiune arterial\u0103<\/p>\n<\/div>\n\n\n\n<div id=\"I\" class=\"wp-block-group is-layout-constrained wp-block-group-is-layout-constrained\" style=\"padding-bottom:var(--wp--preset--spacing--50)\">\n<h2 class=\"wp-block-heading\">I<\/h2>\n\n\n\n<p>Icter, Imunodeficien\u021b\u0103, Infertilitate<\/p>\n<\/div>\n\n\n\n<div id=\"J\" class=\"wp-block-group is-layout-constrained wp-block-group-is-layout-constrained\" style=\"padding-bottom:var(--wp--preset--spacing--50)\">\n<h2 class=\"wp-block-heading\">J<\/h2>\n\n\n\n<p><\/p>\n<\/div>\n\n\n\n<div id=\"K\" class=\"wp-block-group is-layout-constrained wp-block-group-is-layout-constrained\" style=\"padding-bottom:var(--wp--preset--spacing--50)\">\n<h2 class=\"wp-block-heading\">K<\/h2>\n\n\n\n<p><\/p>\n<\/div>\n\n\n\n<div id=\"L\" class=\"wp-block-group is-layout-constrained wp-block-group-is-layout-constrained\" style=\"padding-bottom:var(--wp--preset--spacing--50)\">\n<h2 class=\"wp-block-heading\">L<\/h2>\n\n\n\n<p>Labilitate mental\u0103, Leaky gut, Letargie<\/p>\n<\/div>\n\n\n\n<div id=\"M\" class=\"wp-block-group is-layout-constrained wp-block-group-is-layout-constrained\" style=\"padding-bottom:var(--wp--preset--spacing--50)\">\n<h2 class=\"wp-block-heading\">M<\/h2>\n\n\n\n<p>M\u00e2nc\u0103rime, Migrene<\/p>\n<\/div>\n\n\n\n<div id=\"N\" class=\"wp-block-group is-layout-constrained wp-block-group-is-layout-constrained\" style=\"padding-bottom:var(--wp--preset--spacing--50)\">\n<h2 class=\"wp-block-heading\">N<\/h2>\n\n\n\n<p>Neuropatii \u0219i tulbur\u0103ri neurologice<\/p>\n<\/div>\n\n\n\n<div id=\"O\" class=\"wp-block-group is-layout-constrained wp-block-group-is-layout-constrained\" style=\"padding-bottom:var(--wp--preset--spacing--50)\">\n<h2 class=\"wp-block-heading\">O<\/h2>\n\n\n\n<p>Obezitate, Ototoxicitate (Tinitus)<\/p>\n<\/div>\n\n\n\n<div id=\"P\" class=\"wp-block-group is-layout-constrained wp-block-group-is-layout-constrained\" style=\"padding-bottom:var(--wp--preset--spacing--50)\">\n<h2 class=\"wp-block-heading\">P<\/h2>\n\n\n\n<p>Probleme dentare, Psihoze<\/p>\n<\/div>\n\n\n\n<div id=\"Q\" class=\"wp-block-group is-layout-constrained wp-block-group-is-layout-constrained\" style=\"padding-bottom:var(--wp--preset--spacing--50)\">\n<h2 class=\"wp-block-heading\">Q<\/h2>\n<\/div>\n\n\n\n<div id=\"R\" class=\"wp-block-group is-layout-constrained wp-block-group-is-layout-constrained\" style=\"padding-bottom:var(--wp--preset--spacing--50)\">\n<h2 class=\"wp-block-heading\">R<\/h2>\n\n\n\n<p>Reflux gastroesofagian, Reumatism<\/p>\n<\/div>\n\n\n\n<div id=\"S\" class=\"wp-block-group is-layout-constrained wp-block-group-is-layout-constrained\" style=\"padding-bottom:var(--wp--preset--spacing--50)\">\n<h2 class=\"wp-block-heading\">S<\/h2>\n\n\n\n<p>Scleroz\u0103 multipl\u0103, Sindromul de oboseal\u0103 cronic\u0103, Sindromul Sudeck (CRPS), Subponderalitate<\/p>\n<\/div>\n\n\n\n<div id=\"T\" class=\"wp-block-group is-layout-constrained wp-block-group-is-layout-constrained\" style=\"padding-bottom:var(--wp--preset--spacing--50)\">\n<h2 class=\"wp-block-heading\">T<\/h2>\n\n\n\n<p>Tensiune arterial\u0103 \u2013 ridicat\u0103, Tinitus, Tremur\u0103turi, Tulbur\u0103ri circulatorii<\/p>\n<\/div>\n\n\n\n<div id=\"U\" class=\"wp-block-group is-layout-constrained wp-block-group-is-layout-constrained\" style=\"padding-bottom:var(--wp--preset--spacing--50)\">\n<h2 class=\"wp-block-heading\">U<\/h2>\n\n\n\n<p>Ulcere, Urin\u0103 ur\u00eet mirositoare<\/p>\n<\/div>\n\n\n\n<div id=\"V\" class=\"wp-block-group is-layout-constrained wp-block-group-is-layout-constrained\" style=\"padding-bottom:var(--wp--preset--spacing--50)\">\n<h2 class=\"wp-block-heading\">V<\/h2>\n\n\n\n<p>Vertij<\/p>\n<\/div>\n\n\n\n<div id=\"W\" class=\"wp-block-group is-layout-constrained wp-block-group-is-layout-constrained\" style=\"padding-bottom:var(--wp--preset--spacing--50)\">\n<h2 class=\"wp-block-heading\">W<\/h2>\n\n\n\n<p><\/p>\n<\/div>\n\n\n\n<div id=\"X\" class=\"wp-block-group is-layout-constrained wp-block-group-is-layout-constrained\" style=\"padding-bottom:var(--wp--preset--spacing--50)\">\n<h2 class=\"wp-block-heading\">X<\/h2>\n\n\n\n<p>Xerostomie (gura uscat\u0103)<\/p>\n<\/div>\n\n\n\n<div id=\"Y\" class=\"wp-block-group is-layout-constrained wp-block-group-is-layout-constrained\" style=\"padding-bottom:var(--wp--preset--spacing--50)\">\n<h2 class=\"wp-block-heading\">Y<\/h2>\n\n\n\n<p><\/p>\n<\/div>\n\n\n\n<div id=\"Z\" class=\"wp-block-group is-layout-constrained wp-block-group-is-layout-constrained\" style=\"padding-bottom:var(--wp--preset--spacing--50)\">\n<h2 class=\"wp-block-heading\">Z<\/h2>\n\n\n\n<p><\/p>\n<\/div>\n","protected":false},"excerpt":{"rendered":"<p>Tratamentul \u00a0metalotoxicologic poate oferi ameliorare \u00een cazul urm\u0103toarelor simptome\/boli: A Afec\u021biuni intestinale, Agita\u021bie, Alergii, Alergii alimentare, Avorturi spontane B Boala Crohn, Boli autoimune C Cancer, Cancer de colon, Cancer de piele, Cancer de prostat\u0103, Cancer de s\u00e2n, C\u0103derea p\u0103rului, Concentrare deficitar\u0103, Cre\u0219tere perturbat\u0103 D Depresie, Diabet, Dureri de cap E Eczeme, Electrosensibilitate, Epuizare, Exantem F [&hellip;]<\/p>\n","protected":false},"author":1,"featured_media":1060,"parent":0,"menu_order":5,"comment_status":"closed","ping_status":"closed","template":"","meta":{"_acf_changed":false,"footnotes":""},"class_list":["post-1093","page","type-page","status-publish","has-post-thumbnail","hentry"],"acf":[],"_links":{"self":[{"href":"https:\/\/deep-diagnosis.com\/ro\/wp-json\/wp\/v2\/pages\/1093","targetHints":{"allow":["GET"]}}],"collection":[{"href":"https:\/\/deep-diagnosis.com\/ro\/wp-json\/wp\/v2\/pages"}],"about":[{"href":"https:\/\/deep-diagnosis.com\/ro\/wp-json\/wp\/v2\/types\/page"}],"author":[{"embeddable":true,"href":"https:\/\/deep-diagnosis.com\/ro\/wp-json\/wp\/v2\/users\/1"}],"replies":[{"embeddable":true,"href":"https:\/\/deep-diagnosis.com\/ro\/wp-json\/wp\/v2\/comments?post=1093"}],"version-history":[{"count":5,"href":"https:\/\/deep-diagnosis.com\/ro\/wp-json\/wp\/v2\/pages\/1093\/revisions"}],"predecessor-version":[{"id":1393,"href":"https:\/\/deep-diagnosis.com\/ro\/wp-json\/wp\/v2\/pages\/1093\/revisions\/1393"}],"wp:featuredmedia":[{"embeddable":true,"href":"https:\/\/deep-diagnosis.com\/ro\/wp-json\/wp\/v2\/media\/1060"}],"wp:attachment":[{"href":"https:\/\/deep-diagnosis.com\/ro\/wp-json\/wp\/v2\/media?parent=1093"}],"curies":[{"name":"wp","href":"https:\/\/api.w.org\/{rel}","templated":true}]}}