{"id":937,"date":"2023-08-03T14:09:32","date_gmt":"2023-08-03T14:09:32","guid":{"rendered":"https:\/\/deep-diagnosis.com\/wordpress\/?page_id=937"},"modified":"2023-12-16T21:36:38","modified_gmt":"2023-12-16T21:36:38","slug":"career","status":"publish","type":"page","link":"https:\/\/deep-diagnosis.com\/ro\/career\/","title":{"rendered":"Carier\u0103"},"content":{"rendered":"\r\n<div class=\"big-headline-and-image container-fluid pb-10 px-0 has-line alignfull small-heading\" >\r\n    <div class=\"row mx-0\">\r\n        <div class=\"col-md-5 px-0 mt-0 mt-md-15 media-col\">\r\n\r\n            \r\n                                                    <video class=\"w-100 d-block\" autoplay muted loop>\r\n                        <source src=\"https:\/\/deep-diagnosis.com\/wp-content\/uploads\/2023\/06\/output.mp4\" type=\"video\/mp4\">\r\n                        Your browser does not support the video tag.\r\n                    <\/video>\r\n                \r\n            \r\n        <\/div>\r\n        <div class=\"col-md-7 content-col\">\r\n            <div class=\"row mx-0\">\r\n                <div class=\"col-md-8 offset-md-1\" style=\"max-width: 750px;\">\r\n                    <div class=\"\">\r\n                        <div id='ff-portal' template=\"[[&quot;core\\\/heading&quot;,{&quot;placeholder&quot;:&quot;\\u00dcberschrift&quot;,&quot;attributes&quot;:{&quot;level&quot;:3}}],[&quot;core\\\/spacer&quot;,{&quot;height&quot;:&quot;50px&quot;}],[&quot;core\\\/paragraph&quot;,{&quot;placeholder&quot;:&quot;Hier Text eingeben&quot;}]]\"><\/div>                    <\/div>\r\n                <\/div>\r\n            <\/div>\r\n        <\/div>\r\n    <\/div>\r\n<\/div>\r\n\r\n\n\n\n<p><strong>Descrierea postului<\/strong>:<\/p>\n\n\n\n<ul class=\"is-style-arrows wp-block-list\">\n<li>Minim\u0103 administrare a cabinetului: aranjarea \u0219i gestionarea program\u0103rilor pacien\u021bilor, preg\u0103tirea \u0219i organizarea orelor de consulta\u021bie, men\u021binerea documenta\u021biei electronice pentru pacient, comenzi, facturare<\/li>\n\n\n\n<li>Flebotomie (extragere de s\u00e2nge)<\/li>\n\n\n\n<li>Administrarea de injec\u021bii \u0219i perfuzii<\/li>\n\n\n\n<li>Preg\u0103tirea \u0219i monitorizarea pacien\u021bilor \u00een timpul tratamentului IHHT<\/li>\n\n\n\n<li>Op\u021bional: \u00cengrijirea pacien\u021bilor VIP<\/li>\n\n\n\n<li>Op\u021bional: Asisten\u021b\u0103 \u00een proiecte interesante<\/li>\n\n\n\n<li>Op\u021bional: Participarea la proiecte de cercetare<\/li>\n<\/ul>\n\n\n\n<p><strong>Noi oferim:<\/strong><\/p>\n\n\n\n<ul class=\"is-style-arrows wp-block-list\">\n<li>Compensa\u021bie atractiv\u0103<\/li>\n\n\n\n<li>Program de lucru flexibil<\/li>\n\n\n\n<li>Posibilit\u0103\u021bi de lucru la domiciliu<\/li>\n\n\n\n<li>Un loc de munc\u0103 interesant, dinamic<\/li>\n\n\n\n<li>O gam\u0103 variat\u0103 de activit\u0103\u021bi \u0219i\/sau responsabilit\u0103\u021bi<\/li>\n\n\n\n<li>Preg\u0103tire temeinic\u0103 \u00eentr-o echip\u0103 t\u00e2n\u0103r\u0103 \u0219i dedicat\u0103<\/li>\n\n\n\n<li>Bonus de Cr\u0103ciun<\/li>\n\n\n\n<li>Evenimente corporative<\/li>\n\n\n\n<li>Evenimente sportive\/de exerci\u021bii fizice<\/li>\n\n\n\n<li>Concediu de studii<\/li>\n\n\n\n<li>Loc de parcare<\/li>\n\n\n\n<li>Participarea la studii ulterioare<\/li>\n\n\n\n<li>Invita\u021bii la evenimente interesante<\/li>\n\n\n\n<li>Loc de munc\u0103 frumos \u00een inima ora\u0219ului Neu-Ulm, cu vedere direct\u0103 spre Catedrala din Ulm<\/li>\n<\/ul>\n\n\n\n<p><strong>Cerin\u021be:<\/strong><\/p>\n\n\n\n<ul class=\"is-style-arrows wp-block-list\">\n<li>S\u0103 fi &nbsp;\u00eenceput sau s\u0103 ave\u021bi finalizat\u0103 formarea ca asistent medical MFA sau medic asistent<\/li>\n\n\n\n<li>Personalitate prietenoas\u0103 \u0219i de \u00eencredere<\/li>\n\n\n\n<li>Bune maniere<\/li>\n\n\n\n<li>Stil de lucru independent<\/li>\n\n\n\n<li>Flexibilitate pentru situa\u021bii spontane<\/li>\n\n\n\n<li>Ini\u021biativ\u0103<\/li>\n\n\n\n<li>Bun\u0103 cunoa\u0219tere a limbii germane<\/li>\n\n\n\n<li>Bun\u0103 cunoa\u0219tere a limbii engleze (nu este obligatorie, dar reprezint\u0103 un avantaj)<\/li>\n<\/ul>\n\n\n\n<p>Sunte\u021bi interesat? Atunci <a href=\"https:\/\/deep-diagnosis.com\/en\/contact\/\" data-type=\"URL\" data-id=\"https:\/\/deep-diagnosis.com\/en\/contact\/\">contacta\u021bi-ne<\/a>.<\/p>\n","protected":false},"excerpt":{"rendered":"<p>Descrierea postului: Noi oferim: Cerin\u021be: Sunte\u021bi interesat? Atunci contacta\u021bi-ne.<\/p>\n","protected":false},"author":1,"featured_media":0,"parent":0,"menu_order":5,"comment_status":"closed","ping_status":"closed","template":"","meta":{"_acf_changed":false,"footnotes":""},"class_list":["post-937","page","type-page","status-publish","hentry"],"acf":[],"_links":{"self":[{"href":"https:\/\/deep-diagnosis.com\/ro\/wp-json\/wp\/v2\/pages\/937","targetHints":{"allow":["GET"]}}],"collection":[{"href":"https:\/\/deep-diagnosis.com\/ro\/wp-json\/wp\/v2\/pages"}],"about":[{"href":"https:\/\/deep-diagnosis.com\/ro\/wp-json\/wp\/v2\/types\/page"}],"author":[{"embeddable":true,"href":"https:\/\/deep-diagnosis.com\/ro\/wp-json\/wp\/v2\/users\/1"}],"replies":[{"embeddable":true,"href":"https:\/\/deep-diagnosis.com\/ro\/wp-json\/wp\/v2\/comments?post=937"}],"version-history":[{"count":10,"href":"https:\/\/deep-diagnosis.com\/ro\/wp-json\/wp\/v2\/pages\/937\/revisions"}],"predecessor-version":[{"id":1197,"href":"https:\/\/deep-diagnosis.com\/ro\/wp-json\/wp\/v2\/pages\/937\/revisions\/1197"}],"wp:attachment":[{"href":"https:\/\/deep-diagnosis.com\/ro\/wp-json\/wp\/v2\/media?parent=937"}],"curies":[{"name":"wp","href":"https:\/\/api.w.org\/{rel}","templated":true}]}}